{"id":173,"date":"2025-10-21T16:09:31","date_gmt":"2025-10-21T14:09:31","guid":{"rendered":"https:\/\/ventes.lasertopoexpress.fr\/?post_type=product&#038;p=173"},"modified":"2026-01-20T17:12:44","modified_gmt":"2026-01-20T15:12:44","slug":"lte-digit-cellule-de-reception-laser-rotatif","status":"publish","type":"product","link":"https:\/\/ventes.lasertopoexpress.fr\/index.php\/product\/lte-digit-cellule-de-reception-laser-rotatif\/","title":{"rendered":"LTE Digit Hybride- cellule de r\u00e9ception laser rotatif"},"content":{"rendered":"<ul>\n<li>Cellule avec affichage millim\u00e9trique<\/li>\n<li>Compatible avec tous les lasers rotatifs \u00e0 diode rouge ET verte<\/li>\n<li>D\u00e9tection : jusqu\u2019\u00e0 450 m<\/li>\n<li>Plage de d\u00e9tection du capteur : 125 mm<\/li>\n<li>3 paliers de pr\u00e9cision : \u00b1 1 mm, \u00b1 5 mm, \u00b1 10 mm<\/li>\n<li>Unit\u00e9 de mesure : mm, cm, ft, inch<\/li>\n<li>Affichage 2 \u00e9crans : LCD, LED \u00e0 l\u2019avant<\/li>\n<li>Signaux sonores : silencieux, normal, fort<\/li>\n<li>Magn\u00e9tique : 3 plans<\/li>\n<li>Arr\u00eat automatique : apr\u00e8s 15 min d\u2019inactivit\u00e9<\/li>\n<li>Contour en caoutchouc<\/li>\n<li>Protection : IP55<\/li>\n<li>Garantie : 3 ans<\/li>\n<li>Composition: pile- support cellule<\/li>\n<\/ul>\n","protected":false},"excerpt":{"rendered":"<p>Cellule \u00e0 affichage millim\u00e9trique- compatible faisceau vert et rouge<\/p>\n","protected":false},"featured_media":624,"comment_status":"open","ping_status":"closed","template":"","meta":{"site-sidebar-layout":"default","site-content-layout":"","ast-site-content-layout":"default","site-content-style":"default","site-sidebar-style":"default","ast-global-header-display":"","ast-banner-title-visibility":"","ast-main-header-display":"","ast-hfb-above-header-display":"","ast-hfb-below-header-display":"","ast-hfb-mobile-header-display":"","site-post-title":"","ast-breadcrumbs-content":"","ast-featured-img":"","footer-sml-layout":"","ast-disable-related-posts":"","theme-transparent-header-meta":"default","adv-header-id-meta":"","stick-header-meta":"","header-above-stick-meta":"","header-main-stick-meta":"","header-below-stick-meta":"","astra-migrate-meta-layouts":"set","ast-page-background-enabled":"default","ast-page-background-meta":{"desktop":{"background-color":"var(--ast-global-color-5)","background-image":"","background-repeat":"repeat","background-position":"center center","background-size":"auto","background-attachment":"scroll","background-type":"","background-media":"","overlay-type":"","overlay-color":"","overlay-opacity":"","overlay-gradient":""},"tablet":{"background-color":"","background-image":"","background-repeat":"repeat","background-position":"center center","background-size":"auto","background-attachment":"scroll","background-type":"","background-media":"","overlay-type":"","overlay-color":"","overlay-opacity":"","overlay-gradient":""},"mobile":{"background-color":"","background-image":"","background-repeat":"repeat","background-position":"center center","background-size":"auto","background-attachment":"scroll","background-type":"","background-media":"","overlay-type":"","overlay-color":"","overlay-opacity":"","overlay-gradient":""}},"ast-content-background-meta":{"desktop":{"background-color":"var(--ast-global-color-4)","background-image":"","background-repeat":"repeat","background-position":"center center","background-size":"auto","background-attachment":"scroll","background-type":"","background-media":"","overlay-type":"","overlay-color":"","overlay-opacity":"","overlay-gradient":""},"tablet":{"background-color":"var(--ast-global-color-4)","background-image":"","background-repeat":"repeat","background-position":"center center","background-size":"auto","background-attachment":"scroll","background-type":"","background-media":"","overlay-type":"","overlay-color":"","overlay-opacity":"","overlay-gradient":""},"mobile":{"background-color":"var(--ast-global-color-4)","background-image":"","background-repeat":"repeat","background-position":"center center","background-size":"auto","background-attachment":"scroll","background-type":"","background-media":"","overlay-type":"","overlay-color":"","overlay-opacity":"","overlay-gradient":""}}},"product_brand":[19],"product_cat":[25,18,22],"product_tag":[],"class_list":{"0":"post-173","1":"product","2":"type-product","3":"status-publish","4":"has-post-thumbnail","6":"product_brand-lte","7":"product_cat-accessoires","8":"product_cat-boutique","9":"product_cat-cellule-laser","10":"product_shipping_class-livraison-gratuite","11":"desktop-align-left","12":"tablet-align-left","13":"mobile-align-left","15":"first","16":"instock","17":"taxable","18":"shipping-taxable","19":"purchasable","20":"product-type-simple"},"yoast_head":"<!-- This site is optimized with the Yoast SEO plugin v27.3 - https:\/\/yoast.com\/product\/yoast-seo-wordpress\/ -->\n<title>LTE Digit Hybride- cellule de r\u00e9ception laser rotatif - Boutique en ligne<\/title>\n<meta name=\"robots\" content=\"index, follow, max-snippet:-1, max-image-preview:large, max-video-preview:-1\" \/>\n<link rel=\"canonical\" href=\"https:\/\/ventes.lasertopoexpress.fr\/index.php\/product\/lte-digit-cellule-de-reception-laser-rotatif\/\" \/>\n<meta property=\"og:locale\" content=\"fr_FR\" \/>\n<meta property=\"og:type\" content=\"article\" \/>\n<meta property=\"og:title\" content=\"LTE Digit Hybride- cellule de r\u00e9ception laser rotatif - Boutique en ligne\" \/>\n<meta property=\"og:description\" content=\"Cellule \u00e0 affichage millim\u00e9trique- compatible faisceau vert et rouge\" \/>\n<meta property=\"og:url\" content=\"https:\/\/ventes.lasertopoexpress.fr\/index.php\/product\/lte-digit-cellule-de-reception-laser-rotatif\/\" \/>\n<meta property=\"og:site_name\" content=\"Boutique en ligne\" \/>\n<meta property=\"article:modified_time\" content=\"2026-01-20T15:12:44+00:00\" \/>\n<meta property=\"og:image\" content=\"https:\/\/ventes.lasertopoexpress.fr\/wp-content\/uploads\/2025\/10\/LTE-digit-2024-site.png\" \/>\n\t<meta property=\"og:image:width\" content=\"1000\" \/>\n\t<meta property=\"og:image:height\" content=\"1015\" \/>\n\t<meta property=\"og:image:type\" content=\"image\/png\" \/>\n<meta name=\"twitter:card\" content=\"summary_large_image\" \/>\n<meta name=\"twitter:label1\" content=\"Dur\u00e9e de lecture estim\u00e9e\" \/>\n\t<meta name=\"twitter:data1\" content=\"1 minute\" \/>\n<script type=\"application\/ld+json\" class=\"yoast-schema-graph\">{\"@context\":\"https:\\\/\\\/schema.org\",\"@graph\":[{\"@type\":\"WebPage\",\"@id\":\"https:\\\/\\\/ventes.lasertopoexpress.fr\\\/index.php\\\/product\\\/lte-digit-cellule-de-reception-laser-rotatif\\\/\",\"url\":\"https:\\\/\\\/ventes.lasertopoexpress.fr\\\/index.php\\\/product\\\/lte-digit-cellule-de-reception-laser-rotatif\\\/\",\"name\":\"LTE Digit Hybride- cellule de r\u00e9ception laser rotatif - Boutique en ligne\",\"isPartOf\":{\"@id\":\"https:\\\/\\\/ventes.lasertopoexpress.fr\\\/#website\"},\"primaryImageOfPage\":{\"@id\":\"https:\\\/\\\/ventes.lasertopoexpress.fr\\\/index.php\\\/product\\\/lte-digit-cellule-de-reception-laser-rotatif\\\/#primaryimage\"},\"image\":{\"@id\":\"https:\\\/\\\/ventes.lasertopoexpress.fr\\\/index.php\\\/product\\\/lte-digit-cellule-de-reception-laser-rotatif\\\/#primaryimage\"},\"thumbnailUrl\":\"https:\\\/\\\/ventes.lasertopoexpress.fr\\\/wp-content\\\/uploads\\\/2025\\\/10\\\/LTE-digit-2024-site.png\",\"datePublished\":\"2025-10-21T14:09:31+00:00\",\"dateModified\":\"2026-01-20T15:12:44+00:00\",\"breadcrumb\":{\"@id\":\"https:\\\/\\\/ventes.lasertopoexpress.fr\\\/index.php\\\/product\\\/lte-digit-cellule-de-reception-laser-rotatif\\\/#breadcrumb\"},\"inLanguage\":\"fr-FR\",\"potentialAction\":[{\"@type\":\"ReadAction\",\"target\":[\"https:\\\/\\\/ventes.lasertopoexpress.fr\\\/index.php\\\/product\\\/lte-digit-cellule-de-reception-laser-rotatif\\\/\"]}]},{\"@type\":\"ImageObject\",\"inLanguage\":\"fr-FR\",\"@id\":\"https:\\\/\\\/ventes.lasertopoexpress.fr\\\/index.php\\\/product\\\/lte-digit-cellule-de-reception-laser-rotatif\\\/#primaryimage\",\"url\":\"https:\\\/\\\/ventes.lasertopoexpress.fr\\\/wp-content\\\/uploads\\\/2025\\\/10\\\/LTE-digit-2024-site.png\",\"contentUrl\":\"https:\\\/\\\/ventes.lasertopoexpress.fr\\\/wp-content\\\/uploads\\\/2025\\\/10\\\/LTE-digit-2024-site.png\",\"width\":1000,\"height\":1015},{\"@type\":\"BreadcrumbList\",\"@id\":\"https:\\\/\\\/ventes.lasertopoexpress.fr\\\/index.php\\\/product\\\/lte-digit-cellule-de-reception-laser-rotatif\\\/#breadcrumb\",\"itemListElement\":[{\"@type\":\"ListItem\",\"position\":1,\"name\":\"Accueil\",\"item\":\"https:\\\/\\\/ventes.lasertopoexpress.fr\\\/\"},{\"@type\":\"ListItem\",\"position\":2,\"name\":\"Boutique\",\"item\":\"https:\\\/\\\/ventes.lasertopoexpress.fr\\\/index.php\\\/shop\\\/\"},{\"@type\":\"ListItem\",\"position\":3,\"name\":\"LTE Digit Hybride- cellule de r\u00e9ception laser rotatif\"}]},{\"@type\":\"WebSite\",\"@id\":\"https:\\\/\\\/ventes.lasertopoexpress.fr\\\/#website\",\"url\":\"https:\\\/\\\/ventes.lasertopoexpress.fr\\\/\",\"name\":\"Boutique en ligne\",\"description\":\"\",\"publisher\":{\"@id\":\"https:\\\/\\\/ventes.lasertopoexpress.fr\\\/#organization\"},\"potentialAction\":[{\"@type\":\"SearchAction\",\"target\":{\"@type\":\"EntryPoint\",\"urlTemplate\":\"https:\\\/\\\/ventes.lasertopoexpress.fr\\\/?s={search_term_string}\"},\"query-input\":{\"@type\":\"PropertyValueSpecification\",\"valueRequired\":true,\"valueName\":\"search_term_string\"}}],\"inLanguage\":\"fr-FR\"},{\"@type\":\"Organization\",\"@id\":\"https:\\\/\\\/ventes.lasertopoexpress.fr\\\/#organization\",\"name\":\"Boutique en ligne\",\"url\":\"https:\\\/\\\/ventes.lasertopoexpress.fr\\\/\",\"logo\":{\"@type\":\"ImageObject\",\"inLanguage\":\"fr-FR\",\"@id\":\"https:\\\/\\\/ventes.lasertopoexpress.fr\\\/#\\\/schema\\\/logo\\\/image\\\/\",\"url\":\"https:\\\/\\\/ventes.lasertopoexpress.fr\\\/wp-content\\\/uploads\\\/2025\\\/10\\\/LTE-LOGO.png\",\"contentUrl\":\"https:\\\/\\\/ventes.lasertopoexpress.fr\\\/wp-content\\\/uploads\\\/2025\\\/10\\\/LTE-LOGO.png\",\"width\":997,\"height\":997,\"caption\":\"Boutique en ligne\"},\"image\":{\"@id\":\"https:\\\/\\\/ventes.lasertopoexpress.fr\\\/#\\\/schema\\\/logo\\\/image\\\/\"}}]}<\/script>\n<!-- \/ Yoast SEO plugin. -->","yoast_head_json":{"title":"LTE Digit Hybride- cellule de r\u00e9ception laser rotatif - Boutique en ligne","robots":{"index":"index","follow":"follow","max-snippet":"max-snippet:-1","max-image-preview":"max-image-preview:large","max-video-preview":"max-video-preview:-1"},"canonical":"https:\/\/ventes.lasertopoexpress.fr\/index.php\/product\/lte-digit-cellule-de-reception-laser-rotatif\/","og_locale":"fr_FR","og_type":"article","og_title":"LTE Digit Hybride- cellule de r\u00e9ception laser rotatif - Boutique en ligne","og_description":"Cellule \u00e0 affichage millim\u00e9trique- compatible faisceau vert et rouge","og_url":"https:\/\/ventes.lasertopoexpress.fr\/index.php\/product\/lte-digit-cellule-de-reception-laser-rotatif\/","og_site_name":"Boutique en ligne","article_modified_time":"2026-01-20T15:12:44+00:00","og_image":[{"width":1000,"height":1015,"url":"https:\/\/ventes.lasertopoexpress.fr\/wp-content\/uploads\/2025\/10\/LTE-digit-2024-site.png","type":"image\/png"}],"twitter_card":"summary_large_image","twitter_misc":{"Dur\u00e9e de lecture estim\u00e9e":"1 minute"},"schema":{"@context":"https:\/\/schema.org","@graph":[{"@type":"WebPage","@id":"https:\/\/ventes.lasertopoexpress.fr\/index.php\/product\/lte-digit-cellule-de-reception-laser-rotatif\/","url":"https:\/\/ventes.lasertopoexpress.fr\/index.php\/product\/lte-digit-cellule-de-reception-laser-rotatif\/","name":"LTE Digit Hybride- cellule de r\u00e9ception laser rotatif - Boutique en ligne","isPartOf":{"@id":"https:\/\/ventes.lasertopoexpress.fr\/#website"},"primaryImageOfPage":{"@id":"https:\/\/ventes.lasertopoexpress.fr\/index.php\/product\/lte-digit-cellule-de-reception-laser-rotatif\/#primaryimage"},"image":{"@id":"https:\/\/ventes.lasertopoexpress.fr\/index.php\/product\/lte-digit-cellule-de-reception-laser-rotatif\/#primaryimage"},"thumbnailUrl":"https:\/\/ventes.lasertopoexpress.fr\/wp-content\/uploads\/2025\/10\/LTE-digit-2024-site.png","datePublished":"2025-10-21T14:09:31+00:00","dateModified":"2026-01-20T15:12:44+00:00","breadcrumb":{"@id":"https:\/\/ventes.lasertopoexpress.fr\/index.php\/product\/lte-digit-cellule-de-reception-laser-rotatif\/#breadcrumb"},"inLanguage":"fr-FR","potentialAction":[{"@type":"ReadAction","target":["https:\/\/ventes.lasertopoexpress.fr\/index.php\/product\/lte-digit-cellule-de-reception-laser-rotatif\/"]}]},{"@type":"ImageObject","inLanguage":"fr-FR","@id":"https:\/\/ventes.lasertopoexpress.fr\/index.php\/product\/lte-digit-cellule-de-reception-laser-rotatif\/#primaryimage","url":"https:\/\/ventes.lasertopoexpress.fr\/wp-content\/uploads\/2025\/10\/LTE-digit-2024-site.png","contentUrl":"https:\/\/ventes.lasertopoexpress.fr\/wp-content\/uploads\/2025\/10\/LTE-digit-2024-site.png","width":1000,"height":1015},{"@type":"BreadcrumbList","@id":"https:\/\/ventes.lasertopoexpress.fr\/index.php\/product\/lte-digit-cellule-de-reception-laser-rotatif\/#breadcrumb","itemListElement":[{"@type":"ListItem","position":1,"name":"Accueil","item":"https:\/\/ventes.lasertopoexpress.fr\/"},{"@type":"ListItem","position":2,"name":"Boutique","item":"https:\/\/ventes.lasertopoexpress.fr\/index.php\/shop\/"},{"@type":"ListItem","position":3,"name":"LTE Digit Hybride- cellule de r\u00e9ception laser rotatif"}]},{"@type":"WebSite","@id":"https:\/\/ventes.lasertopoexpress.fr\/#website","url":"https:\/\/ventes.lasertopoexpress.fr\/","name":"Boutique en ligne","description":"","publisher":{"@id":"https:\/\/ventes.lasertopoexpress.fr\/#organization"},"potentialAction":[{"@type":"SearchAction","target":{"@type":"EntryPoint","urlTemplate":"https:\/\/ventes.lasertopoexpress.fr\/?s={search_term_string}"},"query-input":{"@type":"PropertyValueSpecification","valueRequired":true,"valueName":"search_term_string"}}],"inLanguage":"fr-FR"},{"@type":"Organization","@id":"https:\/\/ventes.lasertopoexpress.fr\/#organization","name":"Boutique en ligne","url":"https:\/\/ventes.lasertopoexpress.fr\/","logo":{"@type":"ImageObject","inLanguage":"fr-FR","@id":"https:\/\/ventes.lasertopoexpress.fr\/#\/schema\/logo\/image\/","url":"https:\/\/ventes.lasertopoexpress.fr\/wp-content\/uploads\/2025\/10\/LTE-LOGO.png","contentUrl":"https:\/\/ventes.lasertopoexpress.fr\/wp-content\/uploads\/2025\/10\/LTE-LOGO.png","width":997,"height":997,"caption":"Boutique en ligne"},"image":{"@id":"https:\/\/ventes.lasertopoexpress.fr\/#\/schema\/logo\/image\/"}}]}},"jetpack_sharing_enabled":true,"_links":{"self":[{"href":"https:\/\/ventes.lasertopoexpress.fr\/index.php\/wp-json\/wp\/v2\/product\/173","targetHints":{"allow":["GET"]}}],"collection":[{"href":"https:\/\/ventes.lasertopoexpress.fr\/index.php\/wp-json\/wp\/v2\/product"}],"about":[{"href":"https:\/\/ventes.lasertopoexpress.fr\/index.php\/wp-json\/wp\/v2\/types\/product"}],"replies":[{"embeddable":true,"href":"https:\/\/ventes.lasertopoexpress.fr\/index.php\/wp-json\/wp\/v2\/comments?post=173"}],"wp:featuredmedia":[{"embeddable":true,"href":"https:\/\/ventes.lasertopoexpress.fr\/index.php\/wp-json\/wp\/v2\/media\/624"}],"wp:attachment":[{"href":"https:\/\/ventes.lasertopoexpress.fr\/index.php\/wp-json\/wp\/v2\/media?parent=173"}],"wp:term":[{"taxonomy":"product_brand","embeddable":true,"href":"https:\/\/ventes.lasertopoexpress.fr\/index.php\/wp-json\/wp\/v2\/product_brand?post=173"},{"taxonomy":"product_cat","embeddable":true,"href":"https:\/\/ventes.lasertopoexpress.fr\/index.php\/wp-json\/wp\/v2\/product_cat?post=173"},{"taxonomy":"product_tag","embeddable":true,"href":"https:\/\/ventes.lasertopoexpress.fr\/index.php\/wp-json\/wp\/v2\/product_tag?post=173"}],"curies":[{"name":"wp","href":"https:\/\/api.w.org\/{rel}","templated":true}]}}