{"id":203,"date":"2025-10-22T15:34:30","date_gmt":"2025-10-22T13:34:30","guid":{"rendered":"https:\/\/ventes.lasertopoexpress.fr\/?post_type=product&#038;p=203"},"modified":"2025-10-28T17:37:25","modified_gmt":"2025-10-28T15:37:25","slug":"lte-t2nc-trepied-plat","status":"publish","type":"product","link":"https:\/\/ventes.lasertopoexpress.fr\/index.php\/product\/lte-t2nc-trepied-plat\/","title":{"rendered":"LTE T2NC &#8211; Tr\u00e9pied plat"},"content":{"rendered":"<ul>\n<li>Tr\u00e9pied laser ext\u00e9rieur<\/li>\n<li>Laser rotatif<\/li>\n<li>Mati\u00e8re Aluminium<\/li>\n<li>Embase Plate<\/li>\n<li>Plateau 40\/125 mm<\/li>\n<li>Fixation 5\/8&Prime;<\/li>\n<li>Hauteur mini 94 cm<\/li>\n<li>Hauteur maxi 165 cm<\/li>\n<li>Syst\u00e8me de blocage rapide.<\/li>\n<li>Sangle de transport.<\/li>\n<li>Pieds robustes en acier.<\/li>\n<\/ul>\n","protected":false},"excerpt":{"rendered":"<p>Tr\u00e9pied aluminium plat &#8211; Hauteur: 94 cm \u00e0 165 cm &#8211; Laser rotatif &#8211; ext\u00e9rieur<\/p>\n","protected":false},"featured_media":204,"comment_status":"open","ping_status":"closed","template":"","meta":{"site-sidebar-layout":"default","site-content-layout":"","ast-site-content-layout":"default","site-content-style":"default","site-sidebar-style":"default","ast-global-header-display":"","ast-banner-title-visibility":"","ast-main-header-display":"","ast-hfb-above-header-display":"","ast-hfb-below-header-display":"","ast-hfb-mobile-header-display":"","site-post-title":"","ast-breadcrumbs-content":"","ast-featured-img":"","footer-sml-layout":"","ast-disable-related-posts":"","theme-transparent-header-meta":"default","adv-header-id-meta":"","stick-header-meta":"","header-above-stick-meta":"","header-main-stick-meta":"","header-below-stick-meta":"","astra-migrate-meta-layouts":"set","ast-page-background-enabled":"default","ast-page-background-meta":{"desktop":{"background-color":"var(--ast-global-color-5)","background-image":"","background-repeat":"repeat","background-position":"center center","background-size":"auto","background-attachment":"scroll","background-type":"","background-media":"","overlay-type":"","overlay-color":"","overlay-opacity":"","overlay-gradient":""},"tablet":{"background-color":"","background-image":"","background-repeat":"repeat","background-position":"center center","background-size":"auto","background-attachment":"scroll","background-type":"","background-media":"","overlay-type":"","overlay-color":"","overlay-opacity":"","overlay-gradient":""},"mobile":{"background-color":"","background-image":"","background-repeat":"repeat","background-position":"center center","background-size":"auto","background-attachment":"scroll","background-type":"","background-media":"","overlay-type":"","overlay-color":"","overlay-opacity":"","overlay-gradient":""}},"ast-content-background-meta":{"desktop":{"background-color":"var(--ast-global-color-4)","background-image":"","background-repeat":"repeat","background-position":"center center","background-size":"auto","background-attachment":"scroll","background-type":"","background-media":"","overlay-type":"","overlay-color":"","overlay-opacity":"","overlay-gradient":""},"tablet":{"background-color":"var(--ast-global-color-4)","background-image":"","background-repeat":"repeat","background-position":"center center","background-size":"auto","background-attachment":"scroll","background-type":"","background-media":"","overlay-type":"","overlay-color":"","overlay-opacity":"","overlay-gradient":""},"mobile":{"background-color":"var(--ast-global-color-4)","background-image":"","background-repeat":"repeat","background-position":"center center","background-size":"auto","background-attachment":"scroll","background-type":"","background-media":"","overlay-type":"","overlay-color":"","overlay-opacity":"","overlay-gradient":""}}},"product_brand":[19],"product_cat":[25,18,26],"product_tag":[],"class_list":{"0":"post-203","1":"product","2":"type-product","3":"status-publish","4":"has-post-thumbnail","6":"product_brand-lte","7":"product_cat-accessoires","8":"product_cat-boutique","9":"product_cat-trepieds","10":"product_shipping_class-livraison-gratuite","11":"desktop-align-left","12":"tablet-align-left","13":"mobile-align-left","15":"first","16":"instock","17":"taxable","18":"shipping-taxable","19":"purchasable","20":"product-type-simple"},"yoast_head":"<!-- This site is optimized with the Yoast SEO plugin v27.3 - https:\/\/yoast.com\/product\/yoast-seo-wordpress\/ -->\n<title>LTE T2NC - Tr\u00e9pied plat - Boutique en ligne<\/title>\n<meta name=\"robots\" content=\"index, follow, max-snippet:-1, max-image-preview:large, max-video-preview:-1\" \/>\n<link rel=\"canonical\" href=\"https:\/\/ventes.lasertopoexpress.fr\/index.php\/product\/lte-t2nc-trepied-plat\/\" \/>\n<meta property=\"og:locale\" content=\"fr_FR\" \/>\n<meta property=\"og:type\" content=\"article\" \/>\n<meta property=\"og:title\" content=\"LTE T2NC - Tr\u00e9pied plat - Boutique en ligne\" \/>\n<meta property=\"og:description\" content=\"Tr\u00e9pied aluminium plat - Hauteur: 94 cm \u00e0 165 cm - Laser rotatif - ext\u00e9rieur\" \/>\n<meta property=\"og:url\" content=\"https:\/\/ventes.lasertopoexpress.fr\/index.php\/product\/lte-t2nc-trepied-plat\/\" \/>\n<meta property=\"og:site_name\" content=\"Boutique en ligne\" \/>\n<meta property=\"article:modified_time\" content=\"2025-10-28T15:37:25+00:00\" \/>\n<meta property=\"og:image\" content=\"https:\/\/ventes.lasertopoexpress.fr\/wp-content\/uploads\/2025\/10\/trepied-T2NC-l.jpg\" \/>\n\t<meta property=\"og:image:width\" content=\"800\" \/>\n\t<meta property=\"og:image:height\" content=\"800\" \/>\n\t<meta property=\"og:image:type\" content=\"image\/jpeg\" \/>\n<meta name=\"twitter:card\" content=\"summary_large_image\" \/>\n<meta name=\"twitter:label1\" content=\"Dur\u00e9e de lecture estim\u00e9e\" \/>\n\t<meta name=\"twitter:data1\" content=\"1 minute\" \/>\n<script type=\"application\/ld+json\" class=\"yoast-schema-graph\">{\"@context\":\"https:\\\/\\\/schema.org\",\"@graph\":[{\"@type\":\"WebPage\",\"@id\":\"https:\\\/\\\/ventes.lasertopoexpress.fr\\\/index.php\\\/product\\\/lte-t2nc-trepied-plat\\\/\",\"url\":\"https:\\\/\\\/ventes.lasertopoexpress.fr\\\/index.php\\\/product\\\/lte-t2nc-trepied-plat\\\/\",\"name\":\"LTE T2NC - Tr\u00e9pied plat - Boutique en ligne\",\"isPartOf\":{\"@id\":\"https:\\\/\\\/ventes.lasertopoexpress.fr\\\/#website\"},\"primaryImageOfPage\":{\"@id\":\"https:\\\/\\\/ventes.lasertopoexpress.fr\\\/index.php\\\/product\\\/lte-t2nc-trepied-plat\\\/#primaryimage\"},\"image\":{\"@id\":\"https:\\\/\\\/ventes.lasertopoexpress.fr\\\/index.php\\\/product\\\/lte-t2nc-trepied-plat\\\/#primaryimage\"},\"thumbnailUrl\":\"https:\\\/\\\/ventes.lasertopoexpress.fr\\\/wp-content\\\/uploads\\\/2025\\\/10\\\/trepied-T2NC-l.jpg\",\"datePublished\":\"2025-10-22T13:34:30+00:00\",\"dateModified\":\"2025-10-28T15:37:25+00:00\",\"breadcrumb\":{\"@id\":\"https:\\\/\\\/ventes.lasertopoexpress.fr\\\/index.php\\\/product\\\/lte-t2nc-trepied-plat\\\/#breadcrumb\"},\"inLanguage\":\"fr-FR\",\"potentialAction\":[{\"@type\":\"ReadAction\",\"target\":[\"https:\\\/\\\/ventes.lasertopoexpress.fr\\\/index.php\\\/product\\\/lte-t2nc-trepied-plat\\\/\"]}]},{\"@type\":\"ImageObject\",\"inLanguage\":\"fr-FR\",\"@id\":\"https:\\\/\\\/ventes.lasertopoexpress.fr\\\/index.php\\\/product\\\/lte-t2nc-trepied-plat\\\/#primaryimage\",\"url\":\"https:\\\/\\\/ventes.lasertopoexpress.fr\\\/wp-content\\\/uploads\\\/2025\\\/10\\\/trepied-T2NC-l.jpg\",\"contentUrl\":\"https:\\\/\\\/ventes.lasertopoexpress.fr\\\/wp-content\\\/uploads\\\/2025\\\/10\\\/trepied-T2NC-l.jpg\",\"width\":800,\"height\":800,\"caption\":\"LTE -T2NC\"},{\"@type\":\"BreadcrumbList\",\"@id\":\"https:\\\/\\\/ventes.lasertopoexpress.fr\\\/index.php\\\/product\\\/lte-t2nc-trepied-plat\\\/#breadcrumb\",\"itemListElement\":[{\"@type\":\"ListItem\",\"position\":1,\"name\":\"Accueil\",\"item\":\"https:\\\/\\\/ventes.lasertopoexpress.fr\\\/\"},{\"@type\":\"ListItem\",\"position\":2,\"name\":\"Boutique\",\"item\":\"https:\\\/\\\/ventes.lasertopoexpress.fr\\\/index.php\\\/shop\\\/\"},{\"@type\":\"ListItem\",\"position\":3,\"name\":\"LTE T2NC &#8211; Tr\u00e9pied plat\"}]},{\"@type\":\"WebSite\",\"@id\":\"https:\\\/\\\/ventes.lasertopoexpress.fr\\\/#website\",\"url\":\"https:\\\/\\\/ventes.lasertopoexpress.fr\\\/\",\"name\":\"Boutique en ligne\",\"description\":\"\",\"publisher\":{\"@id\":\"https:\\\/\\\/ventes.lasertopoexpress.fr\\\/#organization\"},\"potentialAction\":[{\"@type\":\"SearchAction\",\"target\":{\"@type\":\"EntryPoint\",\"urlTemplate\":\"https:\\\/\\\/ventes.lasertopoexpress.fr\\\/?s={search_term_string}\"},\"query-input\":{\"@type\":\"PropertyValueSpecification\",\"valueRequired\":true,\"valueName\":\"search_term_string\"}}],\"inLanguage\":\"fr-FR\"},{\"@type\":\"Organization\",\"@id\":\"https:\\\/\\\/ventes.lasertopoexpress.fr\\\/#organization\",\"name\":\"Boutique en ligne\",\"url\":\"https:\\\/\\\/ventes.lasertopoexpress.fr\\\/\",\"logo\":{\"@type\":\"ImageObject\",\"inLanguage\":\"fr-FR\",\"@id\":\"https:\\\/\\\/ventes.lasertopoexpress.fr\\\/#\\\/schema\\\/logo\\\/image\\\/\",\"url\":\"https:\\\/\\\/ventes.lasertopoexpress.fr\\\/wp-content\\\/uploads\\\/2025\\\/10\\\/LTE-LOGO.png\",\"contentUrl\":\"https:\\\/\\\/ventes.lasertopoexpress.fr\\\/wp-content\\\/uploads\\\/2025\\\/10\\\/LTE-LOGO.png\",\"width\":997,\"height\":997,\"caption\":\"Boutique en ligne\"},\"image\":{\"@id\":\"https:\\\/\\\/ventes.lasertopoexpress.fr\\\/#\\\/schema\\\/logo\\\/image\\\/\"}}]}<\/script>\n<!-- \/ Yoast SEO plugin. -->","yoast_head_json":{"title":"LTE T2NC - Tr\u00e9pied plat - Boutique en ligne","robots":{"index":"index","follow":"follow","max-snippet":"max-snippet:-1","max-image-preview":"max-image-preview:large","max-video-preview":"max-video-preview:-1"},"canonical":"https:\/\/ventes.lasertopoexpress.fr\/index.php\/product\/lte-t2nc-trepied-plat\/","og_locale":"fr_FR","og_type":"article","og_title":"LTE T2NC - Tr\u00e9pied plat - Boutique en ligne","og_description":"Tr\u00e9pied aluminium plat - Hauteur: 94 cm \u00e0 165 cm - Laser rotatif - ext\u00e9rieur","og_url":"https:\/\/ventes.lasertopoexpress.fr\/index.php\/product\/lte-t2nc-trepied-plat\/","og_site_name":"Boutique en ligne","article_modified_time":"2025-10-28T15:37:25+00:00","og_image":[{"width":800,"height":800,"url":"https:\/\/ventes.lasertopoexpress.fr\/wp-content\/uploads\/2025\/10\/trepied-T2NC-l.jpg","type":"image\/jpeg"}],"twitter_card":"summary_large_image","twitter_misc":{"Dur\u00e9e de lecture estim\u00e9e":"1 minute"},"schema":{"@context":"https:\/\/schema.org","@graph":[{"@type":"WebPage","@id":"https:\/\/ventes.lasertopoexpress.fr\/index.php\/product\/lte-t2nc-trepied-plat\/","url":"https:\/\/ventes.lasertopoexpress.fr\/index.php\/product\/lte-t2nc-trepied-plat\/","name":"LTE T2NC - Tr\u00e9pied plat - Boutique en ligne","isPartOf":{"@id":"https:\/\/ventes.lasertopoexpress.fr\/#website"},"primaryImageOfPage":{"@id":"https:\/\/ventes.lasertopoexpress.fr\/index.php\/product\/lte-t2nc-trepied-plat\/#primaryimage"},"image":{"@id":"https:\/\/ventes.lasertopoexpress.fr\/index.php\/product\/lte-t2nc-trepied-plat\/#primaryimage"},"thumbnailUrl":"https:\/\/ventes.lasertopoexpress.fr\/wp-content\/uploads\/2025\/10\/trepied-T2NC-l.jpg","datePublished":"2025-10-22T13:34:30+00:00","dateModified":"2025-10-28T15:37:25+00:00","breadcrumb":{"@id":"https:\/\/ventes.lasertopoexpress.fr\/index.php\/product\/lte-t2nc-trepied-plat\/#breadcrumb"},"inLanguage":"fr-FR","potentialAction":[{"@type":"ReadAction","target":["https:\/\/ventes.lasertopoexpress.fr\/index.php\/product\/lte-t2nc-trepied-plat\/"]}]},{"@type":"ImageObject","inLanguage":"fr-FR","@id":"https:\/\/ventes.lasertopoexpress.fr\/index.php\/product\/lte-t2nc-trepied-plat\/#primaryimage","url":"https:\/\/ventes.lasertopoexpress.fr\/wp-content\/uploads\/2025\/10\/trepied-T2NC-l.jpg","contentUrl":"https:\/\/ventes.lasertopoexpress.fr\/wp-content\/uploads\/2025\/10\/trepied-T2NC-l.jpg","width":800,"height":800,"caption":"LTE -T2NC"},{"@type":"BreadcrumbList","@id":"https:\/\/ventes.lasertopoexpress.fr\/index.php\/product\/lte-t2nc-trepied-plat\/#breadcrumb","itemListElement":[{"@type":"ListItem","position":1,"name":"Accueil","item":"https:\/\/ventes.lasertopoexpress.fr\/"},{"@type":"ListItem","position":2,"name":"Boutique","item":"https:\/\/ventes.lasertopoexpress.fr\/index.php\/shop\/"},{"@type":"ListItem","position":3,"name":"LTE T2NC &#8211; Tr\u00e9pied plat"}]},{"@type":"WebSite","@id":"https:\/\/ventes.lasertopoexpress.fr\/#website","url":"https:\/\/ventes.lasertopoexpress.fr\/","name":"Boutique en ligne","description":"","publisher":{"@id":"https:\/\/ventes.lasertopoexpress.fr\/#organization"},"potentialAction":[{"@type":"SearchAction","target":{"@type":"EntryPoint","urlTemplate":"https:\/\/ventes.lasertopoexpress.fr\/?s={search_term_string}"},"query-input":{"@type":"PropertyValueSpecification","valueRequired":true,"valueName":"search_term_string"}}],"inLanguage":"fr-FR"},{"@type":"Organization","@id":"https:\/\/ventes.lasertopoexpress.fr\/#organization","name":"Boutique en ligne","url":"https:\/\/ventes.lasertopoexpress.fr\/","logo":{"@type":"ImageObject","inLanguage":"fr-FR","@id":"https:\/\/ventes.lasertopoexpress.fr\/#\/schema\/logo\/image\/","url":"https:\/\/ventes.lasertopoexpress.fr\/wp-content\/uploads\/2025\/10\/LTE-LOGO.png","contentUrl":"https:\/\/ventes.lasertopoexpress.fr\/wp-content\/uploads\/2025\/10\/LTE-LOGO.png","width":997,"height":997,"caption":"Boutique en ligne"},"image":{"@id":"https:\/\/ventes.lasertopoexpress.fr\/#\/schema\/logo\/image\/"}}]}},"jetpack_sharing_enabled":true,"_links":{"self":[{"href":"https:\/\/ventes.lasertopoexpress.fr\/index.php\/wp-json\/wp\/v2\/product\/203","targetHints":{"allow":["GET"]}}],"collection":[{"href":"https:\/\/ventes.lasertopoexpress.fr\/index.php\/wp-json\/wp\/v2\/product"}],"about":[{"href":"https:\/\/ventes.lasertopoexpress.fr\/index.php\/wp-json\/wp\/v2\/types\/product"}],"replies":[{"embeddable":true,"href":"https:\/\/ventes.lasertopoexpress.fr\/index.php\/wp-json\/wp\/v2\/comments?post=203"}],"wp:featuredmedia":[{"embeddable":true,"href":"https:\/\/ventes.lasertopoexpress.fr\/index.php\/wp-json\/wp\/v2\/media\/204"}],"wp:attachment":[{"href":"https:\/\/ventes.lasertopoexpress.fr\/index.php\/wp-json\/wp\/v2\/media?parent=203"}],"wp:term":[{"taxonomy":"product_brand","embeddable":true,"href":"https:\/\/ventes.lasertopoexpress.fr\/index.php\/wp-json\/wp\/v2\/product_brand?post=203"},{"taxonomy":"product_cat","embeddable":true,"href":"https:\/\/ventes.lasertopoexpress.fr\/index.php\/wp-json\/wp\/v2\/product_cat?post=203"},{"taxonomy":"product_tag","embeddable":true,"href":"https:\/\/ventes.lasertopoexpress.fr\/index.php\/wp-json\/wp\/v2\/product_tag?post=203"}],"curies":[{"name":"wp","href":"https:\/\/api.w.org\/{rel}","templated":true}]}}