{"id":93,"date":"2025-10-16T09:19:31","date_gmt":"2025-10-16T07:19:31","guid":{"rendered":"http:\/\/ventes.lasertopoexpress.fr\/?post_type=product&#038;p=93"},"modified":"2025-10-22T15:01:42","modified_gmt":"2025-10-22T13:01:42","slug":"telemetre-lte-t120-120-metres","status":"publish","type":"product","link":"https:\/\/ventes.lasertopoexpress.fr\/index.php\/product\/telemetre-lte-t120-120-metres\/","title":{"rendered":"LTE T120 &#8211; T\u00e9l\u00e9m\u00e8tre 120 m\u00e8tres"},"content":{"rendered":"<ul>\n<li>Port\u00e9e: 120m<\/li>\n<li>Vis\u00e9e: cam\u00e9ra<\/li>\n<li>Transmision: Bluetooth\/ USB<\/li>\n<li>Pr\u00e9cision: +\/-1.5mm<\/li>\n<li>Affichage minimum: 1mm<\/li>\n<li>Distance minimum: 5cm<\/li>\n<li>M\u00e9moire: 100 points<\/li>\n<li>Unit\u00e9s: m, ft<\/li>\n<li>Fonction: longueur\/ surface\/ volume\/ Pythagore\/ addition\/ soustraction\/ inclinaison digitale<\/li>\n<li>Diode laser: 635nm Classe II<\/li>\n<li>Autonomie: 500 mesures<\/li>\n<li>Alimentation: NI-mh 800mAh rechargeable<\/li>\n<li>Dimensions: 125X54X27 mm<\/li>\n<li>Poids: 147 g<\/li>\n<li>Filetage: 1\/4\u2019\u2019<\/li>\n<li>Protection: IP54<\/li>\n<li>Garantie: 2 ans<\/li>\n<li>Composition du coffret:\u00a0Pochette de transport\/ceinture -Dragonne -Piles -Notice d\u2019utilisation -Logiciel de transfert -Cable USB<\/li>\n<\/ul>\n","protected":false},"excerpt":{"rendered":"<p>T\u00e9l\u00e9m\u00e8tre 120m &#8211;\u00a0Cam\u00e9ra &#8211; Bluetooth<\/p>\n","protected":false},"featured_media":124,"comment_status":"open","ping_status":"closed","template":"","meta":{"site-sidebar-layout":"default","site-content-layout":"","ast-site-content-layout":"default","site-content-style":"default","site-sidebar-style":"default","ast-global-header-display":"","ast-banner-title-visibility":"","ast-main-header-display":"","ast-hfb-above-header-display":"","ast-hfb-below-header-display":"","ast-hfb-mobile-header-display":"","site-post-title":"","ast-breadcrumbs-content":"","ast-featured-img":"","footer-sml-layout":"","ast-disable-related-posts":"","theme-transparent-header-meta":"default","adv-header-id-meta":"","stick-header-meta":"","header-above-stick-meta":"","header-main-stick-meta":"","header-below-stick-meta":"","astra-migrate-meta-layouts":"set","ast-page-background-enabled":"default","ast-page-background-meta":{"desktop":{"background-color":"var(--ast-global-color-5)","background-image":"","background-repeat":"repeat","background-position":"center center","background-size":"auto","background-attachment":"scroll","background-type":"","background-media":"","overlay-type":"","overlay-color":"","overlay-opacity":"","overlay-gradient":""},"tablet":{"background-color":"","background-image":"","background-repeat":"repeat","background-position":"center center","background-size":"auto","background-attachment":"scroll","background-type":"","background-media":"","overlay-type":"","overlay-color":"","overlay-opacity":"","overlay-gradient":""},"mobile":{"background-color":"","background-image":"","background-repeat":"repeat","background-position":"center center","background-size":"auto","background-attachment":"scroll","background-type":"","background-media":"","overlay-type":"","overlay-color":"","overlay-opacity":"","overlay-gradient":""}},"ast-content-background-meta":{"desktop":{"background-color":"var(--ast-global-color-4)","background-image":"","background-repeat":"repeat","background-position":"center center","background-size":"auto","background-attachment":"scroll","background-type":"","background-media":"","overlay-type":"","overlay-color":"","overlay-opacity":"","overlay-gradient":""},"tablet":{"background-color":"var(--ast-global-color-4)","background-image":"","background-repeat":"repeat","background-position":"center center","background-size":"auto","background-attachment":"scroll","background-type":"","background-media":"","overlay-type":"","overlay-color":"","overlay-opacity":"","overlay-gradient":""},"mobile":{"background-color":"var(--ast-global-color-4)","background-image":"","background-repeat":"repeat","background-position":"center center","background-size":"auto","background-attachment":"scroll","background-type":"","background-media":"","overlay-type":"","overlay-color":"","overlay-opacity":"","overlay-gradient":""}}},"product_brand":[19],"product_cat":[18,17],"product_tag":[],"class_list":{"0":"post-93","1":"product","2":"type-product","3":"status-publish","4":"has-post-thumbnail","6":"product_brand-lte","7":"product_cat-boutique","8":"product_cat-telemetre","9":"desktop-align-left","10":"tablet-align-left","11":"mobile-align-left","13":"first","14":"instock","15":"taxable","16":"shipping-taxable","17":"purchasable","18":"product-type-simple"},"yoast_head":"<!-- This site is optimized with the Yoast SEO plugin v27.3 - https:\/\/yoast.com\/product\/yoast-seo-wordpress\/ -->\n<title>LTE T120 - T\u00e9l\u00e9m\u00e8tre 120 m\u00e8tres - Boutique en ligne<\/title>\n<meta name=\"robots\" content=\"index, follow, max-snippet:-1, max-image-preview:large, max-video-preview:-1\" \/>\n<link rel=\"canonical\" href=\"https:\/\/ventes.lasertopoexpress.fr\/index.php\/product\/telemetre-lte-t120-120-metres\/\" \/>\n<meta property=\"og:locale\" content=\"fr_FR\" \/>\n<meta property=\"og:type\" content=\"article\" \/>\n<meta property=\"og:title\" content=\"LTE T120 - T\u00e9l\u00e9m\u00e8tre 120 m\u00e8tres - Boutique en ligne\" \/>\n<meta property=\"og:description\" content=\"T\u00e9l\u00e9m\u00e8tre 120m -\u00a0Cam\u00e9ra - Bluetooth\" \/>\n<meta property=\"og:url\" content=\"https:\/\/ventes.lasertopoexpress.fr\/index.php\/product\/telemetre-lte-t120-120-metres\/\" \/>\n<meta property=\"og:site_name\" content=\"Boutique en ligne\" \/>\n<meta property=\"article:modified_time\" content=\"2025-10-22T13:01:42+00:00\" \/>\n<meta property=\"og:image\" content=\"https:\/\/ventes.lasertopoexpress.fr\/wp-content\/uploads\/2025\/10\/Image-site-1.jpg\" \/>\n\t<meta property=\"og:image:width\" content=\"2400\" \/>\n\t<meta property=\"og:image:height\" content=\"1600\" \/>\n\t<meta property=\"og:image:type\" content=\"image\/jpeg\" \/>\n<meta name=\"twitter:card\" content=\"summary_large_image\" \/>\n<meta name=\"twitter:label1\" content=\"Dur\u00e9e de lecture estim\u00e9e\" \/>\n\t<meta name=\"twitter:data1\" content=\"1 minute\" \/>\n<script type=\"application\/ld+json\" class=\"yoast-schema-graph\">{\"@context\":\"https:\\\/\\\/schema.org\",\"@graph\":[{\"@type\":\"WebPage\",\"@id\":\"https:\\\/\\\/ventes.lasertopoexpress.fr\\\/index.php\\\/product\\\/telemetre-lte-t120-120-metres\\\/\",\"url\":\"https:\\\/\\\/ventes.lasertopoexpress.fr\\\/index.php\\\/product\\\/telemetre-lte-t120-120-metres\\\/\",\"name\":\"LTE T120 - T\u00e9l\u00e9m\u00e8tre 120 m\u00e8tres - Boutique en ligne\",\"isPartOf\":{\"@id\":\"https:\\\/\\\/ventes.lasertopoexpress.fr\\\/#website\"},\"primaryImageOfPage\":{\"@id\":\"https:\\\/\\\/ventes.lasertopoexpress.fr\\\/index.php\\\/product\\\/telemetre-lte-t120-120-metres\\\/#primaryimage\"},\"image\":{\"@id\":\"https:\\\/\\\/ventes.lasertopoexpress.fr\\\/index.php\\\/product\\\/telemetre-lte-t120-120-metres\\\/#primaryimage\"},\"thumbnailUrl\":\"https:\\\/\\\/ventes.lasertopoexpress.fr\\\/wp-content\\\/uploads\\\/2025\\\/10\\\/Image-site-1.jpg\",\"datePublished\":\"2025-10-16T07:19:31+00:00\",\"dateModified\":\"2025-10-22T13:01:42+00:00\",\"breadcrumb\":{\"@id\":\"https:\\\/\\\/ventes.lasertopoexpress.fr\\\/index.php\\\/product\\\/telemetre-lte-t120-120-metres\\\/#breadcrumb\"},\"inLanguage\":\"fr-FR\",\"potentialAction\":[{\"@type\":\"ReadAction\",\"target\":[\"https:\\\/\\\/ventes.lasertopoexpress.fr\\\/index.php\\\/product\\\/telemetre-lte-t120-120-metres\\\/\"]}]},{\"@type\":\"ImageObject\",\"inLanguage\":\"fr-FR\",\"@id\":\"https:\\\/\\\/ventes.lasertopoexpress.fr\\\/index.php\\\/product\\\/telemetre-lte-t120-120-metres\\\/#primaryimage\",\"url\":\"https:\\\/\\\/ventes.lasertopoexpress.fr\\\/wp-content\\\/uploads\\\/2025\\\/10\\\/Image-site-1.jpg\",\"contentUrl\":\"https:\\\/\\\/ventes.lasertopoexpress.fr\\\/wp-content\\\/uploads\\\/2025\\\/10\\\/Image-site-1.jpg\",\"width\":2400,\"height\":1600},{\"@type\":\"BreadcrumbList\",\"@id\":\"https:\\\/\\\/ventes.lasertopoexpress.fr\\\/index.php\\\/product\\\/telemetre-lte-t120-120-metres\\\/#breadcrumb\",\"itemListElement\":[{\"@type\":\"ListItem\",\"position\":1,\"name\":\"Accueil\",\"item\":\"https:\\\/\\\/ventes.lasertopoexpress.fr\\\/\"},{\"@type\":\"ListItem\",\"position\":2,\"name\":\"Boutique\",\"item\":\"https:\\\/\\\/ventes.lasertopoexpress.fr\\\/index.php\\\/shop\\\/\"},{\"@type\":\"ListItem\",\"position\":3,\"name\":\"LTE T120 &#8211; T\u00e9l\u00e9m\u00e8tre 120 m\u00e8tres\"}]},{\"@type\":\"WebSite\",\"@id\":\"https:\\\/\\\/ventes.lasertopoexpress.fr\\\/#website\",\"url\":\"https:\\\/\\\/ventes.lasertopoexpress.fr\\\/\",\"name\":\"Boutique en ligne\",\"description\":\"\",\"publisher\":{\"@id\":\"https:\\\/\\\/ventes.lasertopoexpress.fr\\\/#organization\"},\"potentialAction\":[{\"@type\":\"SearchAction\",\"target\":{\"@type\":\"EntryPoint\",\"urlTemplate\":\"https:\\\/\\\/ventes.lasertopoexpress.fr\\\/?s={search_term_string}\"},\"query-input\":{\"@type\":\"PropertyValueSpecification\",\"valueRequired\":true,\"valueName\":\"search_term_string\"}}],\"inLanguage\":\"fr-FR\"},{\"@type\":\"Organization\",\"@id\":\"https:\\\/\\\/ventes.lasertopoexpress.fr\\\/#organization\",\"name\":\"Boutique en ligne\",\"url\":\"https:\\\/\\\/ventes.lasertopoexpress.fr\\\/\",\"logo\":{\"@type\":\"ImageObject\",\"inLanguage\":\"fr-FR\",\"@id\":\"https:\\\/\\\/ventes.lasertopoexpress.fr\\\/#\\\/schema\\\/logo\\\/image\\\/\",\"url\":\"https:\\\/\\\/ventes.lasertopoexpress.fr\\\/wp-content\\\/uploads\\\/2025\\\/10\\\/LTE-LOGO.png\",\"contentUrl\":\"https:\\\/\\\/ventes.lasertopoexpress.fr\\\/wp-content\\\/uploads\\\/2025\\\/10\\\/LTE-LOGO.png\",\"width\":997,\"height\":997,\"caption\":\"Boutique en ligne\"},\"image\":{\"@id\":\"https:\\\/\\\/ventes.lasertopoexpress.fr\\\/#\\\/schema\\\/logo\\\/image\\\/\"}}]}<\/script>\n<!-- \/ Yoast SEO plugin. -->","yoast_head_json":{"title":"LTE T120 - T\u00e9l\u00e9m\u00e8tre 120 m\u00e8tres - Boutique en ligne","robots":{"index":"index","follow":"follow","max-snippet":"max-snippet:-1","max-image-preview":"max-image-preview:large","max-video-preview":"max-video-preview:-1"},"canonical":"https:\/\/ventes.lasertopoexpress.fr\/index.php\/product\/telemetre-lte-t120-120-metres\/","og_locale":"fr_FR","og_type":"article","og_title":"LTE T120 - T\u00e9l\u00e9m\u00e8tre 120 m\u00e8tres - Boutique en ligne","og_description":"T\u00e9l\u00e9m\u00e8tre 120m -\u00a0Cam\u00e9ra - Bluetooth","og_url":"https:\/\/ventes.lasertopoexpress.fr\/index.php\/product\/telemetre-lte-t120-120-metres\/","og_site_name":"Boutique en ligne","article_modified_time":"2025-10-22T13:01:42+00:00","og_image":[{"width":2400,"height":1600,"url":"https:\/\/ventes.lasertopoexpress.fr\/wp-content\/uploads\/2025\/10\/Image-site-1.jpg","type":"image\/jpeg"}],"twitter_card":"summary_large_image","twitter_misc":{"Dur\u00e9e de lecture estim\u00e9e":"1 minute"},"schema":{"@context":"https:\/\/schema.org","@graph":[{"@type":"WebPage","@id":"https:\/\/ventes.lasertopoexpress.fr\/index.php\/product\/telemetre-lte-t120-120-metres\/","url":"https:\/\/ventes.lasertopoexpress.fr\/index.php\/product\/telemetre-lte-t120-120-metres\/","name":"LTE T120 - T\u00e9l\u00e9m\u00e8tre 120 m\u00e8tres - Boutique en ligne","isPartOf":{"@id":"https:\/\/ventes.lasertopoexpress.fr\/#website"},"primaryImageOfPage":{"@id":"https:\/\/ventes.lasertopoexpress.fr\/index.php\/product\/telemetre-lte-t120-120-metres\/#primaryimage"},"image":{"@id":"https:\/\/ventes.lasertopoexpress.fr\/index.php\/product\/telemetre-lte-t120-120-metres\/#primaryimage"},"thumbnailUrl":"https:\/\/ventes.lasertopoexpress.fr\/wp-content\/uploads\/2025\/10\/Image-site-1.jpg","datePublished":"2025-10-16T07:19:31+00:00","dateModified":"2025-10-22T13:01:42+00:00","breadcrumb":{"@id":"https:\/\/ventes.lasertopoexpress.fr\/index.php\/product\/telemetre-lte-t120-120-metres\/#breadcrumb"},"inLanguage":"fr-FR","potentialAction":[{"@type":"ReadAction","target":["https:\/\/ventes.lasertopoexpress.fr\/index.php\/product\/telemetre-lte-t120-120-metres\/"]}]},{"@type":"ImageObject","inLanguage":"fr-FR","@id":"https:\/\/ventes.lasertopoexpress.fr\/index.php\/product\/telemetre-lte-t120-120-metres\/#primaryimage","url":"https:\/\/ventes.lasertopoexpress.fr\/wp-content\/uploads\/2025\/10\/Image-site-1.jpg","contentUrl":"https:\/\/ventes.lasertopoexpress.fr\/wp-content\/uploads\/2025\/10\/Image-site-1.jpg","width":2400,"height":1600},{"@type":"BreadcrumbList","@id":"https:\/\/ventes.lasertopoexpress.fr\/index.php\/product\/telemetre-lte-t120-120-metres\/#breadcrumb","itemListElement":[{"@type":"ListItem","position":1,"name":"Accueil","item":"https:\/\/ventes.lasertopoexpress.fr\/"},{"@type":"ListItem","position":2,"name":"Boutique","item":"https:\/\/ventes.lasertopoexpress.fr\/index.php\/shop\/"},{"@type":"ListItem","position":3,"name":"LTE T120 &#8211; T\u00e9l\u00e9m\u00e8tre 120 m\u00e8tres"}]},{"@type":"WebSite","@id":"https:\/\/ventes.lasertopoexpress.fr\/#website","url":"https:\/\/ventes.lasertopoexpress.fr\/","name":"Boutique en ligne","description":"","publisher":{"@id":"https:\/\/ventes.lasertopoexpress.fr\/#organization"},"potentialAction":[{"@type":"SearchAction","target":{"@type":"EntryPoint","urlTemplate":"https:\/\/ventes.lasertopoexpress.fr\/?s={search_term_string}"},"query-input":{"@type":"PropertyValueSpecification","valueRequired":true,"valueName":"search_term_string"}}],"inLanguage":"fr-FR"},{"@type":"Organization","@id":"https:\/\/ventes.lasertopoexpress.fr\/#organization","name":"Boutique en ligne","url":"https:\/\/ventes.lasertopoexpress.fr\/","logo":{"@type":"ImageObject","inLanguage":"fr-FR","@id":"https:\/\/ventes.lasertopoexpress.fr\/#\/schema\/logo\/image\/","url":"https:\/\/ventes.lasertopoexpress.fr\/wp-content\/uploads\/2025\/10\/LTE-LOGO.png","contentUrl":"https:\/\/ventes.lasertopoexpress.fr\/wp-content\/uploads\/2025\/10\/LTE-LOGO.png","width":997,"height":997,"caption":"Boutique en ligne"},"image":{"@id":"https:\/\/ventes.lasertopoexpress.fr\/#\/schema\/logo\/image\/"}}]}},"jetpack_sharing_enabled":true,"_links":{"self":[{"href":"https:\/\/ventes.lasertopoexpress.fr\/index.php\/wp-json\/wp\/v2\/product\/93","targetHints":{"allow":["GET"]}}],"collection":[{"href":"https:\/\/ventes.lasertopoexpress.fr\/index.php\/wp-json\/wp\/v2\/product"}],"about":[{"href":"https:\/\/ventes.lasertopoexpress.fr\/index.php\/wp-json\/wp\/v2\/types\/product"}],"replies":[{"embeddable":true,"href":"https:\/\/ventes.lasertopoexpress.fr\/index.php\/wp-json\/wp\/v2\/comments?post=93"}],"wp:featuredmedia":[{"embeddable":true,"href":"https:\/\/ventes.lasertopoexpress.fr\/index.php\/wp-json\/wp\/v2\/media\/124"}],"wp:attachment":[{"href":"https:\/\/ventes.lasertopoexpress.fr\/index.php\/wp-json\/wp\/v2\/media?parent=93"}],"wp:term":[{"taxonomy":"product_brand","embeddable":true,"href":"https:\/\/ventes.lasertopoexpress.fr\/index.php\/wp-json\/wp\/v2\/product_brand?post=93"},{"taxonomy":"product_cat","embeddable":true,"href":"https:\/\/ventes.lasertopoexpress.fr\/index.php\/wp-json\/wp\/v2\/product_cat?post=93"},{"taxonomy":"product_tag","embeddable":true,"href":"https:\/\/ventes.lasertopoexpress.fr\/index.php\/wp-json\/wp\/v2\/product_tag?post=93"}],"curies":[{"name":"wp","href":"https:\/\/api.w.org\/{rel}","templated":true}]}}